{"id":13320,"date":"2019-11-26T14:46:23","date_gmt":"2019-11-26T13:46:23","guid":{"rendered":"https:\/\/staging.dynamicgroup.net\/?page_id=13320"},"modified":"2023-03-08T14:33:48","modified_gmt":"2023-03-08T13:33:48","slug":"ou-filter","status":"publish","type":"page","link":"https:\/\/www.dynamicgroup.net\/de\/ou-filter\/","title":{"rendered":"OU-Filter konfigurieren f\u00fcr dynamische AD Gruppen"},"content":{"rendered":"<div class=\"wpb-content-wrapper\">[vc_row top_margin=&#8220;0&#8243; bottom_margin=&#8220;0&#8243;][vc_column][vc_column_text el_class=&#8220;FA-alignleft&#8220;]\n<h1 class=\"exc-header\">OU-Filter konfigurieren<\/h1>\n<p>&nbsp;<\/p>\n<p>Mit DynamicGroup sind spezielle OU-Filter f\u00fcr <strong>selbstpflegende AD Gruppen<\/strong> m\u00f6glich.<\/p>\n<p>So werden <strong>nur ganz bestimmte OUs<\/strong> nach Benutzern durchsucht und in eine dynamische Gruppe aufgenommen.<br \/>\nEine Gruppe mit definiertem OU Filter geht \u00fcber einfache <a href=\"https:\/\/dynamicgroup.net\/de\/dynamische-ou-gruppen\/\" target=\"_blank\" rel=\"noopener noreferrer\">OU Gruppen<\/a> und OU-bezogene <a href=\"https:\/\/dynamicgroup.net\/de\/news\/standortberechtigungen-active-directory\/\" target=\"_blank\" rel=\"noopener noreferrer\">Standortgruppen<\/a> hinaus.<\/p>\n<p>Unser Ziel mit dem OU-Filter ist es, <strong>Berechtigungen \u00fcber bestimmte Sub-OUs<\/strong> zu verwalten.<\/p>\n<p>&nbsp;<\/p>\n[\/vc_column_text][\/vc_column][\/vc_row][vc_row css=&#8220;.vc_custom_1574845217789{margin-top: -45px !important;}&#8220;][vc_column el_class=&#8220;FA-alignright&#8220;][vc_column_text]\n<h2>Anlage von dynamischen OU-Gruppen mit DynamicGroup<\/h2>\n[\/vc_column_text][\/vc_column][\/vc_row][vc_row][vc_column width=&#8220;1\/2&#8243; el_class=&#8220;FA-alignleft&#8220;][vc_column_text el_class=&#8220;FA-alignleft force&#8220;]\n<p>Das Organisieren von Gruppen im AD geht auch einfach:<br \/>\nMit DynamicGroup und die OU-Filter k\u00f6nnen Sie schnell <strong>dynamische Gruppen erstellen<\/strong>, die sich auf bestimmte OUs beziehen.<br \/>\nDer Vorteil von dynamischen Gruppen besteht darin, dass sie automatisch aktualisiert werden. Egal, ob Sie \u00c4nderungen in einer dynamischen OU Gruppe oder direkt in einer Unter-OU Gruppe vornehmen, sie bleiben immer auf dem neuesten Stand.<\/p>\n<p>Wir stellen nun zwei Beispiele vor, in denen die Funktionsweise des OU-Filters verdeutlicht<br \/>\nwerden soll. Dazu arbeiten wir mit folgender OU-Struktur (Bild rechts):<\/p>\n[\/vc_column_text][\/vc_column][vc_column width=&#8220;1\/2&#8243;][vc_column_text]\n<p><img decoding=\"async\" class=\"alignnone wp-image-13328 size-full\" title=\"OU-Struktur - OU-Filter DynamicGroup\" src=\"https:\/\/dynamicgroup.net\/wp-content\/uploads\/2019\/11\/DG_ADTree-1.png\" alt=\"OU-Struktur - OU-Filter DynamicGroup\" width=\"462\" height=\"291\" srcset=\"https:\/\/www.dynamicgroup.net\/wp-content\/uploads\/2019\/11\/DG_ADTree-1.png 462w, https:\/\/www.dynamicgroup.net\/wp-content\/uploads\/2019\/11\/DG_ADTree-1-300x189.png 300w\" sizes=\"(max-width: 462px) 100vw, 462px\" \/><\/p>\n[\/vc_column_text][\/vc_column][\/vc_row][vc_row][vc_column el_class=&#8220;FA-alignright&#8220;][vc_column_text]\n<p>Der <span style=\"color: #8ac242;\"><strong>gr\u00fcne Pfeil zeigt auf die Unter-OUs<\/strong><\/span>, f\u00fcr die wir eine dynamische Gruppe erstellen wollen.<\/p>\n<p>Erstellen Sie \u00fcber die DynamicGroup-Konsole eine neue, dynamische Gruppe und w\u00e4hlen Sie zudem unter <br \/>\n\u201cQuery Settings\u201d \u2192 \u201cUse Filter for OUs\u201d aus, um den ben\u00f6tigten Reiter anzeigen zu lassen.<\/p>\n<p>&nbsp;<\/p>\n<p><img decoding=\"async\" class=\"alignnone wp-image-13313 size-full\" title=\"Use Filter for OUs in DynamicGroup\" src=\"https:\/\/dynamicgroup.net\/wp-content\/uploads\/2019\/11\/QuerySettings_bearbeitet-1.png\" alt=\"Use Filter for OUs in DynamicGroup\" width=\"633\" height=\"269\" srcset=\"https:\/\/www.dynamicgroup.net\/wp-content\/uploads\/2019\/11\/QuerySettings_bearbeitet-1.png 633w, https:\/\/www.dynamicgroup.net\/wp-content\/uploads\/2019\/11\/QuerySettings_bearbeitet-1-300x127.png 300w\" sizes=\"(max-width: 633px) 100vw, 633px\" \/><\/p>\n[\/vc_column_text][\/vc_column][\/vc_row][vc_row][vc_column el_class=&#8220;FA-alignright&#8220;][vc_column_text]\n<h2>AD Gruppen mit Benutzern aus bestimmten OUs<\/h2>\n<p>In den folgenden Beispielen geht es darum, <strong>Nutzer aus bestimmten OUs<\/strong> einer dynamischen Gruppe hinzuzuf\u00fcgen.<\/p>\n<p>Grundlagen hierzu finden Sie in den Artikeln <a href=\"https:\/\/dynamicgroup.net\/de\/dynamische-ou-gruppen\/\" target=\"_blank\" rel=\"noopener noreferrer\">OU Gruppen<\/a> und <a href=\"https:\/\/dynamicgroup.net\/de\/news\/standortberechtigungen-active-directory\/\" target=\"_blank\" rel=\"noopener noreferrer\">Standortgruppen<\/a> im AD.<\/p>\n<h3>Die Beispiele<\/h3>\n[\/vc_column_text][\/vc_column][\/vc_row][vc_row][vc_column width=&#8220;1\/2&#8243; el_class=&#8220;FA-alignright&#8220;][vc_column_text]<div class=\"su-note\"  style=\"border-color:#d3dae5;\"><div class=\"su-note-inner su-u-clearfix su-u-trim\" style=\"background-color:#edf4ff;border-color:#ffffff;color:#333333;\">\n<p>Beispiel 1<\/p>\n<p>Nutzer aus <strong>ganz bestimmten OUs<\/strong> (IT, Accounting) in eine dynamische Gruppe aufnehmen.<\/div><\/div>[\/vc_column_text][\/vc_column][vc_column width=&#8220;1\/2&#8243;][vc_column_text]<div class=\"su-note\"  style=\"border-color:#d5d5c4;\"><div class=\"su-note-inner su-u-clearfix su-u-trim\" style=\"background-color:#efefde;border-color:#ffffff;color:#333333;\">\n<p>Beispiel 2<\/p>\n<p>Nutzer aus <strong>gleichartigen OUs<\/strong> (Users) innerhalb eines Standortes in eine dynamische Gruppe aufnehmen.<\/p>\n<\/div><\/div>[\/vc_column_text][\/vc_column][\/vc_row][vc_row][vc_column el_class=&#8220;FA-alignright&#8220;][vc_column_text]\n<h3>Welche M\u00f6glichkeiten gibt es mit Windows Bordmitteln?<\/h3>\n<p class=\"absatz\">Mit der &#8222;Active Directory-Benutzer und -Computer -Konsole&#8220; (ADUC) ist es <strong>nicht m\u00f6glich, OUs zu berechtigen oder OU Gruppen zu erstellen<\/strong>.<br \/>\nEs ist nur m\u00f6glich, manuell durch alle Unter-OUs zu gehen und OU f\u00fcr OU alle Benutzer in einer Gruppe einzuf\u00fcgen.<br \/>\nDie erzeugte Gruppe wird allerdings nicht automatisch aktualisiert.<\/p>\n<p class=\"absatz\">Zum Gl\u00fcck gibt es eine viel schnellere Methode.<\/p>\n[\/vc_column_text][\/vc_column][\/vc_row][vc_row fullwidth=&#8220;yes&#8220; background_color=&#8220;#eff5ff&#8220;][vc_column el_class=&#8220;FA-alignright&#8220;][vc_column_text]\n<h2 style=\"text-align: center;\"><span id=\"Nutzer-aus-OU-Accounting-und-OU-IT-in-eine-dynamische-Gruppe-aufnehmen\" class=\"ez-toc-section\">OU-Filter f\u00fcr dynamische Gruppe mit Benutzern aus bestimmten OUs (Beispiel 1)<\/span><\/h2>\n<p style=\"text-align: center;\">In diesem Beispiel wird gezeigt, wie <strong>Nutzer aus bestimmten OUs<\/strong> (IT, Accounting) in eine dynamische Gruppe aufgenommen werden.<br \/>\nUnter dem Reiter \u201cOU Filter\u201d m\u00fcssen Sie nun folgende Einstellungen vornehmen:<\/p>\n<p>&nbsp;<\/p>\n<p style=\"text-align: center;\"><img decoding=\"async\" class=\"alignnone wp-image-13284 size-full\" title=\"Nutzer aus bestimmten OUs in eine dynamische Gruppe aufnehmen\" src=\"https:\/\/dynamicgroup.net\/wp-content\/uploads\/2019\/11\/Beispiel_IT_And_Accounting_bearbeitet.png\" alt=\"Nutzer aus bestimmten OUs in eine dynamische Gruppe aufnehmen\" width=\"582\" height=\"486\" srcset=\"https:\/\/www.dynamicgroup.net\/wp-content\/uploads\/2019\/11\/Beispiel_IT_And_Accounting_bearbeitet.png 582w, https:\/\/www.dynamicgroup.net\/wp-content\/uploads\/2019\/11\/Beispiel_IT_And_Accounting_bearbeitet-300x251.png 300w\" sizes=\"(max-width: 582px) 100vw, 582px\" \/><\/p>\n<p>&nbsp;<\/p>\n<p style=\"text-align: center;\">In dem <strong><span style=\"color: #02b2ee;\">blau-markierten Bereich<\/span><\/strong> entscheiden Sie, ob <span style=\"color: #02b2ee;\">Unter-Strukturen einbezogen<\/span> werden sollen oder nur Objekte, die direkt in der gefilterten OU liegen. In unserem Beispiel werden auch Objekte aus Unter-Strukturen in die dynamische Gruppe aufgenommen.<\/p>\n<p>&nbsp;<\/p>\n<p style=\"text-align: center;\"><img decoding=\"async\" class=\"alignnone wp-image-13306 size-full\" title=\"OU-Filter um Objekte bestimmte OUs in eine dynamische Gruppe aufzunehmen\" src=\"https:\/\/dynamicgroup.net\/wp-content\/uploads\/2019\/11\/DG_ADTree_IT_And_Accounting_bearbeitet-1.png\" alt=\"OU-Filter um Objekte bestimmte OUs in eine dynamische Gruppe aufzunehmen\" width=\"430\" height=\"291\" srcset=\"https:\/\/www.dynamicgroup.net\/wp-content\/uploads\/2019\/11\/DG_ADTree_IT_And_Accounting_bearbeitet-1.png 430w, https:\/\/www.dynamicgroup.net\/wp-content\/uploads\/2019\/11\/DG_ADTree_IT_And_Accounting_bearbeitet-1-300x203.png 300w\" sizes=\"(max-width: 430px) 100vw, 430px\" \/><\/p>\n<p>&nbsp;<\/p>\n<p style=\"text-align: center;\">Im <span style=\"color: #ff2b69;\"><strong>rot-markierten Bereich<\/strong><\/span> bestimmt man die <span style=\"color: #ff2b69;\">Search Root<\/span>, also die OU von der ausgesucht wird. In diesem Beispiel ist das die Standort-OU.<\/p>\n<p>&nbsp;<\/p>\n<p style=\"text-align: center;\">Im <span style=\"color: #96d642;\"><strong>gr\u00fcn-markierten Bereich<\/strong><\/span> befindet sich der <span style=\"color: #96d642;\">eigentliche Filter<\/span>. In diesem einfachen Fall filtern wir nur darauf, dass das Attribut \u201cou\u201d gleich dem Wert \u201c<strong>IT<\/strong>\u201d oder \u201c<strong>Accounting<\/strong>\u201d ist. Damit werden in diesem OU-Filter alle OUs unterhalb der Search Root ausgew\u00e4hlt, die diesem Filter entsprechen.<\/p>\n<p style=\"text-align: center;\">Das Ergebnis des OU-Filters k\u00f6nnen Sie sich in der Preview anschauen. Hier werden die OU \u201cdemofa.net\/Corp\/US\/Accounting\u201d und \u201cdemofa.net\/Corp\/US\/IT\u201d gefunden.<\/p>\n<p>&nbsp;<\/p>\n<p style=\"text-align: center;\">Je nachdem, ob Sie nur Benutzer in die dynamische Gruppe aufnehmen wollen oder auch andere Objekte, m\u00fcssen Sie zus\u00e4tzlich unter dem Reiter \u201cMember Query\u201d Einschr\u00e4nkungen vornehmen. In unserem Beispiel haben wir die <strong>Mitglieder der dynamischen Gruppe auf Benutzer-Objekte beschr\u00e4nkt<\/strong>. In diesem Reiter kann nun keine Search Root mehr ausgew\u00e4hlt werden, da die OUs (Search Roots) vom OU-Filter herangezogen werden.<\/p>\n<p>&nbsp;<\/p>\n<p style=\"text-align: center;\"><img decoding=\"async\" class=\"alignnone wp-image-13288 size-full\" title=\"Member Query dynamische Gruppen - Einschr\u00e4nkungen vornehmen\" src=\"https:\/\/dynamicgroup.net\/wp-content\/uploads\/2019\/11\/MemberQuery.png\" alt=\"Member Query dynamische Gruppen - Einschr\u00e4nkungen vornehmen\" width=\"582\" height=\"183\" srcset=\"https:\/\/www.dynamicgroup.net\/wp-content\/uploads\/2019\/11\/MemberQuery.png 582w, https:\/\/www.dynamicgroup.net\/wp-content\/uploads\/2019\/11\/MemberQuery-300x94.png 300w\" sizes=\"(max-width: 582px) 100vw, 582px\" \/><\/p>\n<p>&nbsp;<\/p>\n<p style=\"text-align: center;\">Wir haben auf diesem Weg einmal die dynamische Gruppe erstellt, m\u00fcssen wir nun keine Anpassungen mehr an Benutzern vornehmen, da die dynamische Gruppe diese Aufgabe nun f\u00fcr Sie \u00fcbernimmt.<\/p>\n[\/vc_column_text][\/vc_column][\/vc_row][vc_row][vc_column el_class=&#8220;FA-alignright&#8220;][vc_column_text]\n<h2>OU-Filter f\u00fcr dynamische Gruppe mit Benutzern aus gleichartigen OUs (Beispiel 2)<\/h2>\n<p>In diesem Beispiel wird gezeigt, wie Nutzer aus bestimmten OUs (Users) innerhalb eines Standortes in eine dynamische Gruppe aufgenommen werden.<\/p>\n<p>&nbsp;<\/p>\n<p><img decoding=\"async\" class=\"aligncenter wp-image-13311 size-full\" title=\"OU-Filter f\u00fcr Nutzer aus gleichartigen OUs (Users) f\u00fcr eine dynamische Gruppe\" src=\"https:\/\/dynamicgroup.net\/wp-content\/uploads\/2019\/11\/DG_ADTree_Users_bearbeitet1-e1574844308577.png\" alt=\"OU-Filter f\u00fcr Nutzer aus gleichartigen OUs (Users) f\u00fcr eine dynamische Gruppe\" width=\"416\" height=\"291\" srcset=\"https:\/\/www.dynamicgroup.net\/wp-content\/uploads\/2019\/11\/DG_ADTree_Users_bearbeitet1-e1574844308577.png 416w, https:\/\/www.dynamicgroup.net\/wp-content\/uploads\/2019\/11\/DG_ADTree_Users_bearbeitet1-e1574844308577-300x210.png 300w\" sizes=\"(max-width: 416px) 100vw, 416px\" \/><\/p>\n<p>&nbsp;<\/p>\n<p>Unter dem Reiter \u201cOU Filter\u201d m\u00fcssen Sie nun folgende Einstellungen vornehmen:<\/p>\n<p><img decoding=\"async\" class=\"alignnone wp-image-13292 size-full\" title=\"OU-Filter Einstellungen - DynamicGroup\" src=\"https:\/\/dynamicgroup.net\/wp-content\/uploads\/2019\/11\/Beispiel_Users_bearbeitet.png\" alt=\"OU-Filter Einstellungen - DynamicGroup\" width=\"581\" height=\"502\" srcset=\"https:\/\/www.dynamicgroup.net\/wp-content\/uploads\/2019\/11\/Beispiel_Users_bearbeitet.png 581w, https:\/\/www.dynamicgroup.net\/wp-content\/uploads\/2019\/11\/Beispiel_Users_bearbeitet-300x259.png 300w\" sizes=\"(max-width: 581px) 100vw, 581px\" \/><\/p>\n<p>&nbsp;<\/p>\n<p>Im <strong><span style=\"color: #96d642;\">gr\u00fcn-markierten Bereich<\/span><\/strong> befindet sich unser OU-Filter, welcher <span style=\"color: #96d642;\">alle OUs mit dem Namen \u201cUsers\u201d<\/span> herausfiltert. Dazu wird im Query Builder &#8222;ou is equal Users&#8220; gesetzt. Das Ergebnis der Preview zeigt, dass in der <span style=\"color: #ff2b69;\">Search Root \u201cUS\u201d<\/span> vier OUs mit dem Namen \u201cUsers\u201d gefunden wurden. Auch hier kann nun der Reiter Member Query nach seinen Anforderungen eingestellt werden.<\/p>\n[\/vc_column_text][\/vc_column][\/vc_row][vc_row fullwidth=&#8220;yes&#8220; background_color=&#8220;#eff5ff&#8220; css=&#8220;.vc_custom_1678278815060{margin-bottom: -60px !important;}&#8220;][vc_column][vc_column_text]\n<h2>Zusammenfassung<\/h2>\n<p>Standorte oder Abteilungen werden oft \u00fcber OU-Strukturen in Active Directory abgebildet.<br \/>\nDas k\u00f6nnen Sie mit <a href=\"https:\/\/dynamicgroup.net\/de\/dynamische-gruppen-in-active-directory\/\">DynamicGroup<\/a> zu Ihrem Vorteil nutzen.<br \/>\nErstellen Sie einfach dynamische Gruppen mit einer OU-Filterung.<\/p>\n<p>&nbsp;<\/p>\n<p>F\u00fcr die intelligente Massenanlage von Gruppen gibt es daf\u00fcr den <strong>Smart Creation Wizard.<br \/>\n<\/strong><strong>Attributbasierte Gruppen<\/strong> (z.B. f\u00fcr Standorte) erstellen Sie analog zu <a href=\"https:\/\/dynamicgroup.net\/de\/dynamische-abteilungsgruppen\/\" target=\"_blank\" rel=\"noopener noreferrer\">dynamischen Abteilungsgruppen<\/a>.<\/p>\n<p>&nbsp;<\/p>\n<p><a href=\"https:\/\/dynamicgroup.net\/de\/kontakt-feedback\/\"><button class=\"ButtonBeratung aligncenter\">Kontaktieren Sie uns<\/button><\/a><\/p>\n[\/vc_column_text][\/vc_column][\/vc_row]\n<\/div>","protected":false},"excerpt":{"rendered":"<p>[vc_row top_margin=&#8220;0&#8243; bottom_margin=&#8220;0&#8243;][vc_column][vc_column_text el_class=&#8220;FA-alignleft&#8220;] OU-Filter konfigurieren &nbsp; Mit DynamicGroup sind spezielle OU-Filter f\u00fcr selbstpflegende AD Gruppen m\u00f6glich. So werden nur [&hellip;]<\/p>\n","protected":false},"author":5,"featured_media":0,"parent":0,"menu_order":0,"comment_status":"closed","ping_status":"closed","template":"","meta":{"footnotes":""},"class_list":["post-13320","page","type-page","status-publish","hentry"],"yoast_head":"<!-- This site is optimized with the Yoast SEO plugin v27.5 - https:\/\/yoast.com\/product\/yoast-seo-wordpress\/ -->\n<title>OU-Filter konfigurieren f\u00fcr dynamische AD Gruppen - DynamicGroup<\/title>\n<meta name=\"description\" content=\"OU-Filter mit DynamicGroup | Benutzer aus bestimmten OUs - innerhalb eines Standortes - in eine dynamische Gruppe aufnehmen\" \/>\n<meta name=\"robots\" content=\"index, follow, max-snippet:-1, max-image-preview:large, max-video-preview:-1\" \/>\n<link rel=\"canonical\" href=\"https:\/\/www.dynamicgroup.net\/de\/ou-filter\/\" \/>\n<meta property=\"og:locale\" content=\"de_DE\" \/>\n<meta property=\"og:type\" content=\"article\" \/>\n<meta property=\"og:title\" content=\"OU-Filter konfigurieren f\u00fcr dynamische AD Gruppen - DynamicGroup\" \/>\n<meta property=\"og:description\" content=\"OU-Filter mit DynamicGroup | Benutzer aus bestimmten OUs - innerhalb eines Standortes - in eine dynamische Gruppe aufnehmen\" \/>\n<meta property=\"og:url\" content=\"https:\/\/www.dynamicgroup.net\/de\/ou-filter\/\" \/>\n<meta property=\"og:site_name\" content=\"FirstWare DynamicGroup\" \/>\n<meta property=\"article:modified_time\" content=\"2023-03-08T13:33:48+00:00\" \/>\n<meta property=\"og:image\" content=\"https:\/\/dynamicgroup.net\/wp-content\/uploads\/2019\/11\/DG_ADTree-1.png\" \/>\n<meta name=\"twitter:label1\" content=\"Gesch\u00e4tzte Lesezeit\" \/>\n\t<meta name=\"twitter:data1\" content=\"5\u00a0Minuten\" \/>\n<script type=\"application\/ld+json\" class=\"yoast-schema-graph\">{\"@context\":\"https:\\\/\\\/schema.org\",\"@graph\":[{\"@type\":\"WebPage\",\"@id\":\"https:\\\/\\\/www.dynamicgroup.net\\\/de\\\/ou-filter\\\/\",\"url\":\"https:\\\/\\\/www.dynamicgroup.net\\\/de\\\/ou-filter\\\/\",\"name\":\"OU-Filter konfigurieren f\u00fcr dynamische AD Gruppen - DynamicGroup\",\"isPartOf\":{\"@id\":\"https:\\\/\\\/www.dynamicgroup.net\\\/en\\\/#website\"},\"primaryImageOfPage\":{\"@id\":\"https:\\\/\\\/www.dynamicgroup.net\\\/de\\\/ou-filter\\\/#primaryimage\"},\"image\":{\"@id\":\"https:\\\/\\\/www.dynamicgroup.net\\\/de\\\/ou-filter\\\/#primaryimage\"},\"thumbnailUrl\":\"https:\\\/\\\/dynamicgroup.net\\\/wp-content\\\/uploads\\\/2019\\\/11\\\/DG_ADTree-1.png\",\"datePublished\":\"2019-11-26T13:46:23+00:00\",\"dateModified\":\"2023-03-08T13:33:48+00:00\",\"description\":\"OU-Filter mit DynamicGroup | Benutzer aus bestimmten OUs - innerhalb eines Standortes - in eine dynamische Gruppe aufnehmen\",\"breadcrumb\":{\"@id\":\"https:\\\/\\\/www.dynamicgroup.net\\\/de\\\/ou-filter\\\/#breadcrumb\"},\"inLanguage\":\"de\",\"potentialAction\":[{\"@type\":\"ReadAction\",\"target\":[\"https:\\\/\\\/www.dynamicgroup.net\\\/de\\\/ou-filter\\\/\"]}]},{\"@type\":\"ImageObject\",\"inLanguage\":\"de\",\"@id\":\"https:\\\/\\\/www.dynamicgroup.net\\\/de\\\/ou-filter\\\/#primaryimage\",\"url\":\"https:\\\/\\\/dynamicgroup.net\\\/wp-content\\\/uploads\\\/2019\\\/11\\\/DG_ADTree-1.png\",\"contentUrl\":\"https:\\\/\\\/dynamicgroup.net\\\/wp-content\\\/uploads\\\/2019\\\/11\\\/DG_ADTree-1.png\"},{\"@type\":\"BreadcrumbList\",\"@id\":\"https:\\\/\\\/www.dynamicgroup.net\\\/de\\\/ou-filter\\\/#breadcrumb\",\"itemListElement\":[{\"@type\":\"ListItem\",\"position\":1,\"name\":\"Startseite\",\"item\":\"https:\\\/\\\/www.dynamicgroup.net\\\/de\\\/\"},{\"@type\":\"ListItem\",\"position\":2,\"name\":\"OU-Filter konfigurieren f\u00fcr dynamische AD Gruppen\"}]},{\"@type\":\"WebSite\",\"@id\":\"https:\\\/\\\/www.dynamicgroup.net\\\/en\\\/#website\",\"url\":\"https:\\\/\\\/www.dynamicgroup.net\\\/en\\\/\",\"name\":\"FirstWare DynamicGroup\",\"description\":\"Active Directory Group Automation\",\"publisher\":{\"@id\":\"https:\\\/\\\/www.dynamicgroup.net\\\/en\\\/#organization\"},\"potentialAction\":[{\"@type\":\"SearchAction\",\"target\":{\"@type\":\"EntryPoint\",\"urlTemplate\":\"https:\\\/\\\/www.dynamicgroup.net\\\/en\\\/?s={search_term_string}\"},\"query-input\":{\"@type\":\"PropertyValueSpecification\",\"valueRequired\":true,\"valueName\":\"search_term_string\"}}],\"inLanguage\":\"de\"},{\"@type\":\"Organization\",\"@id\":\"https:\\\/\\\/www.dynamicgroup.net\\\/en\\\/#organization\",\"name\":\"FirstAttribute\",\"url\":\"https:\\\/\\\/www.dynamicgroup.net\\\/en\\\/\",\"logo\":{\"@type\":\"ImageObject\",\"inLanguage\":\"de\",\"@id\":\"https:\\\/\\\/www.dynamicgroup.net\\\/en\\\/#\\\/schema\\\/logo\\\/image\\\/\",\"url\":\"https:\\\/\\\/dynamicgroup.net\\\/wp-content\\\/uploads\\\/2017\\\/10\\\/FIRSTATTRIBUTE-Logo2013-final.png\",\"contentUrl\":\"https:\\\/\\\/dynamicgroup.net\\\/wp-content\\\/uploads\\\/2017\\\/10\\\/FIRSTATTRIBUTE-Logo2013-final.png\",\"width\":483,\"height\":100,\"caption\":\"FirstAttribute\"},\"image\":{\"@id\":\"https:\\\/\\\/www.dynamicgroup.net\\\/en\\\/#\\\/schema\\\/logo\\\/image\\\/\"}}]}<\/script>\n<!-- \/ Yoast SEO plugin. -->","yoast_head_json":{"title":"OU-Filter konfigurieren f\u00fcr dynamische AD Gruppen - DynamicGroup","description":"OU-Filter mit DynamicGroup | Benutzer aus bestimmten OUs - innerhalb eines Standortes - in eine dynamische Gruppe aufnehmen","robots":{"index":"index","follow":"follow","max-snippet":"max-snippet:-1","max-image-preview":"max-image-preview:large","max-video-preview":"max-video-preview:-1"},"canonical":"https:\/\/www.dynamicgroup.net\/de\/ou-filter\/","og_locale":"de_DE","og_type":"article","og_title":"OU-Filter konfigurieren f\u00fcr dynamische AD Gruppen - DynamicGroup","og_description":"OU-Filter mit DynamicGroup | Benutzer aus bestimmten OUs - innerhalb eines Standortes - in eine dynamische Gruppe aufnehmen","og_url":"https:\/\/www.dynamicgroup.net\/de\/ou-filter\/","og_site_name":"FirstWare DynamicGroup","article_modified_time":"2023-03-08T13:33:48+00:00","og_image":[{"url":"https:\/\/dynamicgroup.net\/wp-content\/uploads\/2019\/11\/DG_ADTree-1.png","type":"","width":"","height":""}],"twitter_misc":{"Gesch\u00e4tzte Lesezeit":"5\u00a0Minuten"},"schema":{"@context":"https:\/\/schema.org","@graph":[{"@type":"WebPage","@id":"https:\/\/www.dynamicgroup.net\/de\/ou-filter\/","url":"https:\/\/www.dynamicgroup.net\/de\/ou-filter\/","name":"OU-Filter konfigurieren f\u00fcr dynamische AD Gruppen - DynamicGroup","isPartOf":{"@id":"https:\/\/www.dynamicgroup.net\/en\/#website"},"primaryImageOfPage":{"@id":"https:\/\/www.dynamicgroup.net\/de\/ou-filter\/#primaryimage"},"image":{"@id":"https:\/\/www.dynamicgroup.net\/de\/ou-filter\/#primaryimage"},"thumbnailUrl":"https:\/\/dynamicgroup.net\/wp-content\/uploads\/2019\/11\/DG_ADTree-1.png","datePublished":"2019-11-26T13:46:23+00:00","dateModified":"2023-03-08T13:33:48+00:00","description":"OU-Filter mit DynamicGroup | Benutzer aus bestimmten OUs - innerhalb eines Standortes - in eine dynamische Gruppe aufnehmen","breadcrumb":{"@id":"https:\/\/www.dynamicgroup.net\/de\/ou-filter\/#breadcrumb"},"inLanguage":"de","potentialAction":[{"@type":"ReadAction","target":["https:\/\/www.dynamicgroup.net\/de\/ou-filter\/"]}]},{"@type":"ImageObject","inLanguage":"de","@id":"https:\/\/www.dynamicgroup.net\/de\/ou-filter\/#primaryimage","url":"https:\/\/dynamicgroup.net\/wp-content\/uploads\/2019\/11\/DG_ADTree-1.png","contentUrl":"https:\/\/dynamicgroup.net\/wp-content\/uploads\/2019\/11\/DG_ADTree-1.png"},{"@type":"BreadcrumbList","@id":"https:\/\/www.dynamicgroup.net\/de\/ou-filter\/#breadcrumb","itemListElement":[{"@type":"ListItem","position":1,"name":"Startseite","item":"https:\/\/www.dynamicgroup.net\/de\/"},{"@type":"ListItem","position":2,"name":"OU-Filter konfigurieren f\u00fcr dynamische AD Gruppen"}]},{"@type":"WebSite","@id":"https:\/\/www.dynamicgroup.net\/en\/#website","url":"https:\/\/www.dynamicgroup.net\/en\/","name":"FirstWare DynamicGroup","description":"Active Directory Group Automation","publisher":{"@id":"https:\/\/www.dynamicgroup.net\/en\/#organization"},"potentialAction":[{"@type":"SearchAction","target":{"@type":"EntryPoint","urlTemplate":"https:\/\/www.dynamicgroup.net\/en\/?s={search_term_string}"},"query-input":{"@type":"PropertyValueSpecification","valueRequired":true,"valueName":"search_term_string"}}],"inLanguage":"de"},{"@type":"Organization","@id":"https:\/\/www.dynamicgroup.net\/en\/#organization","name":"FirstAttribute","url":"https:\/\/www.dynamicgroup.net\/en\/","logo":{"@type":"ImageObject","inLanguage":"de","@id":"https:\/\/www.dynamicgroup.net\/en\/#\/schema\/logo\/image\/","url":"https:\/\/dynamicgroup.net\/wp-content\/uploads\/2017\/10\/FIRSTATTRIBUTE-Logo2013-final.png","contentUrl":"https:\/\/dynamicgroup.net\/wp-content\/uploads\/2017\/10\/FIRSTATTRIBUTE-Logo2013-final.png","width":483,"height":100,"caption":"FirstAttribute"},"image":{"@id":"https:\/\/www.dynamicgroup.net\/en\/#\/schema\/logo\/image\/"}}]}},"_links":{"self":[{"href":"https:\/\/www.dynamicgroup.net\/de\/wp-json\/wp\/v2\/pages\/13320","targetHints":{"allow":["GET"]}}],"collection":[{"href":"https:\/\/www.dynamicgroup.net\/de\/wp-json\/wp\/v2\/pages"}],"about":[{"href":"https:\/\/www.dynamicgroup.net\/de\/wp-json\/wp\/v2\/types\/page"}],"author":[{"embeddable":true,"href":"https:\/\/www.dynamicgroup.net\/de\/wp-json\/wp\/v2\/users\/5"}],"replies":[{"embeddable":true,"href":"https:\/\/www.dynamicgroup.net\/de\/wp-json\/wp\/v2\/comments?post=13320"}],"version-history":[{"count":0,"href":"https:\/\/www.dynamicgroup.net\/de\/wp-json\/wp\/v2\/pages\/13320\/revisions"}],"wp:attachment":[{"href":"https:\/\/www.dynamicgroup.net\/de\/wp-json\/wp\/v2\/media?parent=13320"}],"curies":[{"name":"wp","href":"https:\/\/api.w.org\/{rel}","templated":true}]}}